{"id":16,"date":"2024-08-18T03:49:25","date_gmt":"2024-08-18T03:49:25","guid":{"rendered":"https:\/\/mediacionfamiliarmauu.cl\/?page_id=16"},"modified":"2025-06-14T15:57:37","modified_gmt":"2025-06-14T15:57:37","slug":"16-2","status":"publish","type":"page","link":"https:\/\/www.mediacionfamiliarmauu.cl\/","title":{"rendered":""},"content":{"rendered":"\t\t<div data-elementor-type=\"wp-page\" data-elementor-id=\"16\" class=\"elementor elementor-16\">\n\t\t\t\t<div class=\"elementor-element elementor-element-2389a7e8 e-con-full e-flex e-con e-parent\" data-id=\"2389a7e8\" data-element_type=\"container\" data-settings=\"{&quot;background_background&quot;:&quot;classic&quot;}\">\n\t\t<div class=\"elementor-element elementor-element-459b65f4 e-con-full e-flex e-con e-child\" data-id=\"459b65f4\" data-element_type=\"container\">\n\t\t\t\t<div class=\"elementor-element elementor-element-5f085f1b elementor-widget elementor-widget-image\" data-id=\"5f085f1b\" data-element_type=\"widget\" data-widget_type=\"image.default\">\n\t\t\t\t<div class=\"elementor-widget-container\">\n\t\t\t\t\t\t\t\t\t\t\t\t\t<img fetchpriority=\"high\" decoding=\"async\" width=\"255\" height=\"300\" src=\"https:\/\/www.mediacionfamiliarmauu.cl\/wp-content\/uploads\/2024\/08\/IMG-20240816-WA0009-e1723956467925-255x300.jpg\" class=\"attachment-medium size-medium wp-image-59\" alt=\"\" srcset=\"https:\/\/www.mediacionfamiliarmauu.cl\/wp-content\/uploads\/2024\/08\/IMG-20240816-WA0009-e1723956467925-255x300.jpg 255w, https:\/\/www.mediacionfamiliarmauu.cl\/wp-content\/uploads\/2024\/08\/IMG-20240816-WA0009-e1723956467925.jpg 721w\" sizes=\"(max-width: 255px) 100vw, 255px\" \/>\t\t\t\t\t\t\t\t\t\t\t\t\t<\/div>\n\t\t\t\t<\/div>\n\t\t\t\t<\/div>\n\t\t<div class=\"elementor-element elementor-element-24ddbe34 e-con-full e-flex e-con e-child\" data-id=\"24ddbe34\" data-element_type=\"container\">\n\t\t\t\t<div class=\"elementor-element elementor-element-141640d1 elementor-widget-tablet__width-initial elementor-widget elementor-widget-heading\" data-id=\"141640d1\" data-element_type=\"widget\" data-widget_type=\"heading.default\">\n\t\t\t\t<div class=\"elementor-widget-container\">\n\t\t\t<h1 class=\"elementor-heading-title elementor-size-default\"><i>Agenda tu mediaci\u00f3n familiar en 48 horas.<\/i><\/h1>\t\t<\/div>\n\t\t\t\t<\/div>\n\t\t\t\t<div class=\"elementor-element elementor-element-f1f7121 elementor-button-info elementor-align-center elementor-widget elementor-widget-button\" data-id=\"f1f7121\" data-element_type=\"widget\" data-widget_type=\"button.default\">\n\t\t\t\t<div class=\"elementor-widget-container\">\n\t\t\t\t\t<div class=\"elementor-button-wrapper\">\n\t\t\t<a class=\"elementor-button elementor-button-link elementor-size-sm\" href=\"https:\/\/wa.me\/message\/3GOCTMBY576NK1\" target=\"_blank\">\n\t\t\t\t\t\t<span class=\"elementor-button-content-wrapper\">\n\t\t\t\t\t\t<span class=\"elementor-button-icon\">\n\t\t\t\t<svg aria-hidden=\"true\" class=\"e-font-icon-svg e-far-calendar-plus\" viewBox=\"0 0 448 512\" xmlns=\"http:\/\/www.w3.org\/2000\/svg\"><path d=\"M336 292v24c0 6.6-5.4 12-12 12h-76v76c0 6.6-5.4 12-12 12h-24c-6.6 0-12-5.4-12-12v-76h-76c-6.6 0-12-5.4-12-12v-24c0-6.6 5.4-12 12-12h76v-76c0-6.6 5.4-12 12-12h24c6.6 0 12 5.4 12 12v76h76c6.6 0 12 5.4 12 12zm112-180v352c0 26.5-21.5 48-48 48H48c-26.5 0-48-21.5-48-48V112c0-26.5 21.5-48 48-48h48V12c0-6.6 5.4-12 12-12h40c6.6 0 12 5.4 12 12v52h128V12c0-6.6 5.4-12 12-12h40c6.6 0 12 5.4 12 12v52h48c26.5 0 48 21.5 48 48zm-48 346V160H48v298c0 3.3 2.7 6 6 6h340c3.3 0 6-2.7 6-6z\"><\/path><\/svg>\t\t\t<\/span>\n\t\t\t\t\t\t\t\t\t<span class=\"elementor-button-text\">Agenda  aqu\u00ed<\/span>\n\t\t\t\t\t<\/span>\n\t\t\t\t\t<\/a>\n\t\t<\/div>\n\t\t\t\t<\/div>\n\t\t\t\t<\/div>\n\t\t\t\t<\/div>\n\t\t\t\t<\/div>\n\t\t<div class=\"elementor-element elementor-element-1988341 e-flex e-con-boxed e-con e-parent\" data-id=\"1988341\" data-element_type=\"container\" data-settings=\"{&quot;background_background&quot;:&quot;classic&quot;}\">\n\t\t\t\t\t<div class=\"e-con-inner\">\n\t\t\t\t\t<\/div>\n\t\t\t\t<\/div>\n\t\t<div class=\"elementor-element elementor-element-4793b9c e-flex e-con-boxed e-con e-parent\" data-id=\"4793b9c\" data-element_type=\"container\">\n\t\t\t\t\t<div class=\"e-con-inner\">\n\t\t<div class=\"elementor-element elementor-element-5759144 e-con-full e-flex e-con e-child\" data-id=\"5759144\" data-element_type=\"container\">\n\t\t\t\t<div class=\"elementor-element elementor-element-135c9f5 elementor-widget elementor-widget-text-editor\" data-id=\"135c9f5\" data-element_type=\"widget\" data-widget_type=\"text-editor.default\">\n\t\t\t\t<div class=\"elementor-widget-container\">\n\t\t\t\t\t\t\t<h3><em><strong><span style=\"color: #040666;\">Pensi\u00f3n<\/span><span style=\"color: #040666;\"> de Alimentos.<\/span><\/strong><\/em><\/h3>\t\t\t\t\t\t<\/div>\n\t\t\t\t<\/div>\n\t\t\t\t<div class=\"elementor-element elementor-element-79391be elementor-widget elementor-widget-text-editor\" data-id=\"79391be\" data-element_type=\"widget\" data-widget_type=\"text-editor.default\">\n\t\t\t\t<div class=\"elementor-widget-container\">\n\t\t\t\t\t\t\t<p><em>Los alimentos se definen como el gasto indispensable para la vida de un ni\u00f1o, ni\u00f1a o adolescente. Se debe considerar los gastos b\u00e1sicos como vivienda, servicios b\u00e1sicos, alimentaci\u00f3n e higiene, salud, educaci\u00f3n y otros \u00edtems.<\/em><\/p>\t\t\t\t\t\t<\/div>\n\t\t\t\t<\/div>\n\t\t\t\t<\/div>\n\t\t<div class=\"elementor-element elementor-element-70c2930 e-con-full e-flex e-con e-child\" data-id=\"70c2930\" data-element_type=\"container\">\n\t\t\t\t<div class=\"elementor-element elementor-element-43f8980 elementor-widget elementor-widget-text-editor\" data-id=\"43f8980\" data-element_type=\"widget\" data-widget_type=\"text-editor.default\">\n\t\t\t\t<div class=\"elementor-widget-container\">\n\t\t\t\t\t\t\t<h3><strong><em><span style=\"color: #040666;\">Cuidado<\/span><span style=\"color: #040666;\"> Personal.<\/span><\/em><\/strong><\/h3><div><strong><em><span style=\"color: #040666;\">\u00a0<\/span><\/em><\/strong><\/div>\t\t\t\t\t\t<\/div>\n\t\t\t\t<\/div>\n\t\t\t\t<div class=\"elementor-element elementor-element-270c5d5 elementor-widget elementor-widget-text-editor\" data-id=\"270c5d5\" data-element_type=\"widget\" data-widget_type=\"text-editor.default\">\n\t\t\t\t<div class=\"elementor-widget-container\">\n\t\t\t\t\t\t\t<p><em>El cuidado personal se refiere a quien se encuentra\u00a0 a cargo de tener la crianza y educaci\u00f3n de los ni\u00f1os, ni\u00f1as o adolescentes.<\/em><\/p>\t\t\t\t\t\t<\/div>\n\t\t\t\t<\/div>\n\t\t\t\t<\/div>\n\t\t<div class=\"elementor-element elementor-element-53d274e e-con-full e-flex e-con e-child\" data-id=\"53d274e\" data-element_type=\"container\">\n\t\t\t\t<div class=\"elementor-element elementor-element-4e2d8a1 elementor-widget elementor-widget-text-editor\" data-id=\"4e2d8a1\" data-element_type=\"widget\" data-widget_type=\"text-editor.default\">\n\t\t\t\t<div class=\"elementor-widget-container\">\n\t\t\t\t\t\t\t<h3><span style=\"color: #040666;\"><strong><em>Relaci\u00f3n Directa y Regular.<\/em><\/strong><\/span><\/h3>\t\t\t\t\t\t<\/div>\n\t\t\t\t<\/div>\n\t\t\t\t<div class=\"elementor-element elementor-element-59fe80e elementor-widget elementor-widget-text-editor\" data-id=\"59fe80e\" data-element_type=\"widget\" data-widget_type=\"text-editor.default\">\n\t\t\t\t<div class=\"elementor-widget-container\">\n\t\t\t\t\t\t\t<p><em style=\"font-weight: inherit; background-color: var( --e-global-color-astglobalcolor4 );\">Es la manera de mantener el v\u00ednculo familiar establecido y regularizado, la cual puede solicitar el padre o la madre que no tenga el cuidado personal del ni\u00f1o, ni\u00f1a o adolescente.<\/em><\/p>\t\t\t\t\t\t<\/div>\n\t\t\t\t<\/div>\n\t\t\t\t<\/div>\n\t\t\t\t\t<\/div>\n\t\t\t\t<\/div>\n\t\t<div class=\"elementor-element elementor-element-e020626 e-flex e-con-boxed e-con e-parent\" data-id=\"e020626\" data-element_type=\"container\" data-settings=\"{&quot;background_background&quot;:&quot;classic&quot;}\">\n\t\t\t\t\t<div class=\"e-con-inner\">\n\t\t\t\t\t<\/div>\n\t\t\t\t<\/div>\n\t\t<div class=\"elementor-element elementor-element-1204bb0 e-flex e-con-boxed e-con e-parent\" data-id=\"1204bb0\" data-element_type=\"container\">\n\t\t\t\t\t<div class=\"e-con-inner\">\n\t\t\t\t<div class=\"elementor-element elementor-element-2405bb0 elementor-widget elementor-widget-heading\" data-id=\"2405bb0\" data-element_type=\"widget\" data-widget_type=\"heading.default\">\n\t\t\t\t<div class=\"elementor-widget-container\">\n\t\t\t<h2 class=\"elementor-heading-title elementor-size-default\">Preguntas Frecuentes.<\/h2>\t\t<\/div>\n\t\t\t\t<\/div>\n\t\t\t\t\t<\/div>\n\t\t\t\t<\/div>\n\t\t<div class=\"elementor-element elementor-element-6e05024 e-con-full e-flex e-con e-parent\" data-id=\"6e05024\" data-element_type=\"container\">\n\t\t\t\t<div class=\"elementor-element elementor-element-140ae90 elementor-widget elementor-widget-text-editor\" data-id=\"140ae90\" data-element_type=\"widget\" data-widget_type=\"text-editor.default\">\n\t\t\t\t<div class=\"elementor-widget-container\">\n\t\t\t\t\t\t\t<p style=\"text-align: center;\"><strong><em><span style=\"color: #040666;\">\u00bfC\u00f3mo agendo mi sesi\u00f3n de mediaci\u00f3n familiar privada?<\/span><\/em><\/strong><\/p><p style=\"text-align: center;\"><em><span style=\"color: #040666;\">Puedes agendar a trav\u00e9s de nuestro WhatsApp o tambi\u00e9n a trav\u00e9s de nuestro formulario de agendamiento, una vez completes el formulario en un m\u00e1ximo de 2 horas te agendaremos.<\/span><\/em><\/p>\t\t\t\t\t\t<\/div>\n\t\t\t\t<\/div>\n\t\t\t\t<\/div>\n\t\t<div class=\"elementor-element elementor-element-9e94935 e-con-full e-flex e-con e-parent\" data-id=\"9e94935\" data-element_type=\"container\">\n\t\t\t\t<div class=\"elementor-element elementor-element-7732b81 elementor-widget elementor-widget-text-editor\" data-id=\"7732b81\" data-element_type=\"widget\" data-widget_type=\"text-editor.default\">\n\t\t\t\t<div class=\"elementor-widget-container\">\n\t\t\t\t\t\t\t<p style=\"text-align: center;\"><em><span style=\"color: #040666;\"><strong>\u00bfQui\u00e9n puede solicitar pensi\u00f3n de alimentos?<\/strong><\/span><\/em><\/p><p style=\"text-align: center;\"><em><span style=\"color: #040666;\">Los beneficiarios que pueden solicitar pensi\u00f3n de alimentos son los descendientes hasta los 21 a\u00f1os de edad si no se encuentran cursando un estudio superior, en el caso de que si se encuentre tiene derecho a la pensi\u00f3n de alimentos hasta los 28 a\u00f1os de edad. Tambi\u00e9n existe la posibilidad de que ascendientes o c\u00f3nyuges soliciten una pensi\u00f3n de alimentos, para estos casos deben consultar a trav\u00e9s del WhatsApp.<\/span><\/em><\/p>\t\t\t\t\t\t<\/div>\n\t\t\t\t<\/div>\n\t\t\t\t<\/div>\n\t\t<div class=\"elementor-element elementor-element-5d5d7a2 e-flex e-con-boxed e-con e-parent\" data-id=\"5d5d7a2\" data-element_type=\"container\">\n\t\t\t\t\t<div class=\"e-con-inner\">\n\t\t\t\t<div class=\"elementor-element elementor-element-1b567cd elementor-widget elementor-widget-text-editor\" data-id=\"1b567cd\" data-element_type=\"widget\" data-widget_type=\"text-editor.default\">\n\t\t\t\t<div class=\"elementor-widget-container\">\n\t\t\t\t\t\t\t<p style=\"text-align: center;\"><span style=\"color: #040666;\"><em><strong>\u00bfCu\u00e1nto demora el tr\u00e1mite en tener una respuesta judicial?<\/strong><\/em><\/span><\/p><p style=\"text-align: center;\"><span style=\"color: #040666;\"><em>Naturalmente los tribunales de familia tienen hasta 10 d\u00edas h\u00e1biles para dar una respuesta, desde que se sube el acuerdo a la plataforma de mediaci\u00f3n familiar.<\/em><\/span><\/p>\t\t\t\t\t\t<\/div>\n\t\t\t\t<\/div>\n\t\t\t\t\t<\/div>\n\t\t\t\t<\/div>\n\t\t\t\t<\/div>\n\t\t","protected":false},"excerpt":{"rendered":"<p>Agenda tu mediaci\u00f3n familiar en 48 horas. Agenda aqu\u00ed Pensi\u00f3n de Alimentos. Los alimentos se definen como el gasto indispensable [&hellip;]<\/p>\n","protected":false},"author":1,"featured_media":0,"parent":0,"menu_order":0,"comment_status":"closed","ping_status":"closed","template":"","meta":{"site-sidebar-layout":"default","site-content-layout":"","ast-site-content-layout":"","site-content-style":"default","site-sidebar-style":"default","ast-global-header-display":"","ast-banner-title-visibility":"","ast-main-header-display":"","ast-hfb-above-header-display":"","ast-hfb-below-header-display":"","ast-hfb-mobile-header-display":"","site-post-title":"","ast-breadcrumbs-content":"","ast-featured-img":"","footer-sml-layout":"","theme-transparent-header-meta":"","adv-header-id-meta":"","stick-header-meta":"","header-above-stick-meta":"","header-main-stick-meta":"","header-below-stick-meta":"","astra-migrate-meta-layouts":"default","ast-page-background-enabled":"default","ast-page-background-meta":{"desktop":{"background-color":"var(--ast-global-color-4)","background-image":"","background-repeat":"repeat","background-position":"center center","background-size":"auto","background-attachment":"scroll","background-type":"","background-media":"","overlay-type":"","overlay-color":"","overlay-opacity":"","overlay-gradient":""},"tablet":{"background-color":"","background-image":"","background-repeat":"repeat","background-position":"center center","background-size":"auto","background-attachment":"scroll","background-type":"","background-media":"","overlay-type":"","overlay-color":"","overlay-opacity":"","overlay-gradient":""},"mobile":{"background-color":"","background-image":"","background-repeat":"repeat","background-position":"center center","background-size":"auto","background-attachment":"scroll","background-type":"","background-media":"","overlay-type":"","overlay-color":"","overlay-opacity":"","overlay-gradient":""}},"ast-content-background-meta":{"desktop":{"background-color":"var(--ast-global-color-5)","background-image":"","background-repeat":"repeat","background-position":"center center","background-size":"auto","background-attachment":"scroll","background-type":"","background-media":"","overlay-type":"","overlay-color":"","overlay-opacity":"","overlay-gradient":""},"tablet":{"background-color":"var(--ast-global-color-5)","background-image":"","background-repeat":"repeat","background-position":"center center","background-size":"auto","background-attachment":"scroll","background-type":"","background-media":"","overlay-type":"","overlay-color":"","overlay-opacity":"","overlay-gradient":""},"mobile":{"background-color":"var(--ast-global-color-5)","background-image":"","background-repeat":"repeat","background-position":"center center","background-size":"auto","background-attachment":"scroll","background-type":"","background-media":"","overlay-type":"","overlay-color":"","overlay-opacity":"","overlay-gradient":""}},"footnotes":""},"class_list":["post-16","page","type-page","status-publish","hentry"],"_links":{"self":[{"href":"https:\/\/www.mediacionfamiliarmauu.cl\/index.php?rest_route=\/wp\/v2\/pages\/16","targetHints":{"allow":["GET"]}}],"collection":[{"href":"https:\/\/www.mediacionfamiliarmauu.cl\/index.php?rest_route=\/wp\/v2\/pages"}],"about":[{"href":"https:\/\/www.mediacionfamiliarmauu.cl\/index.php?rest_route=\/wp\/v2\/types\/page"}],"author":[{"embeddable":true,"href":"https:\/\/www.mediacionfamiliarmauu.cl\/index.php?rest_route=\/wp\/v2\/users\/1"}],"replies":[{"embeddable":true,"href":"https:\/\/www.mediacionfamiliarmauu.cl\/index.php?rest_route=%2Fwp%2Fv2%2Fcomments&post=16"}],"version-history":[{"count":111,"href":"https:\/\/www.mediacionfamiliarmauu.cl\/index.php?rest_route=\/wp\/v2\/pages\/16\/revisions"}],"predecessor-version":[{"id":326,"href":"https:\/\/www.mediacionfamiliarmauu.cl\/index.php?rest_route=\/wp\/v2\/pages\/16\/revisions\/326"}],"wp:attachment":[{"href":"https:\/\/www.mediacionfamiliarmauu.cl\/index.php?rest_route=%2Fwp%2Fv2%2Fmedia&parent=16"}],"curies":[{"name":"wp","href":"https:\/\/api.w.org\/{rel}","templated":true}]}}